{"id":38,"date":"2025-01-17T19:15:29","date_gmt":"2025-01-17T19:15:29","guid":{"rendered":"https:\/\/www.mycoach.world\/?page_id=38"},"modified":"2025-01-20T17:18:03","modified_gmt":"2025-01-20T17:18:03","slug":"vision","status":"publish","type":"page","link":"https:\/\/www.mycoach.world\/","title":{"rendered":"Unsere Vision"},"content":{"rendered":"\n<p class=\"has-text-align-center\" id=\"Vision\"><strong>myCoach<\/strong> bietet eine Plattform, die Hobby-Coaches mit Interessierten an neuen Hobbys und F\u00e4higkeiten verbindet.<\/p>\n\n\n\n<p class=\"has-text-align-center\" id=\"Vision\">Im Mittelpunkt stehen Leidenschaft, die Freude ein Hobby zu teilen und damit Geld zu verdienen.<\/p>\n\n\n\n<p class=\"has-text-align-center\" id=\"Vision\"><br>Unser Ansatz ist bewusst niederschwellig: Coaches ben\u00f6tigen keine teuren Lizenzen oder formalen Nachweise.<\/p>\n\n\n\n<p class=\"has-text-align-center\" id=\"Vision\"> <strong>myCoach<\/strong> positioniert sich als flexible und zug\u00e4ngliche Alternative zu klassischen Coaching-Angeboten und Vereinen.<\/p>\n\n\n\n<h2 class=\"wp-block-heading has-text-align-center\" id=\"App\">Die App<\/h2>\n\n\n\n<p class=\"has-text-align-center\">Die Ver\u00f6ffentlichung der <strong>myCoach<\/strong>-App ist f\u00fcr Ende 2025 geplant.<\/p>\n\n\n\n<p class=\"has-text-align-center\"><br>Unsere App befindet sich derzeit in der Entwicklungsphase. <\/p>\n\n\n\n<p class=\"has-text-align-center\">Ein umfangreicher Prototyp, der die Kernfunktionen anschaulich visualisiert, wurde bereits erfolgreich erstellt. <\/p>\n\n\n\n<p><\/p>\n\n\n\n<div class=\"wp-block-columns is-layout-flex wp-container-core-columns-is-layout-28f84493 wp-block-columns-is-layout-flex\">\n<div class=\"wp-block-column is-layout-flow wp-block-column-is-layout-flow\" style=\"flex-basis:50%\">\n<figure class=\"wp-block-image aligncenter size-large is-resized\"><img loading=\"lazy\" decoding=\"async\" width=\"498\" height=\"1024\" src=\"https:\/\/www.mycoach.world\/wp-content\/uploads\/2025\/01\/Handy-Mockup-498x1024.png\" alt=\"\" class=\"wp-image-54\" style=\"width:332px;height:auto\" srcset=\"https:\/\/www.mycoach.world\/wp-content\/uploads\/2025\/01\/Handy-Mockup-498x1024.png 498w, https:\/\/www.mycoach.world\/wp-content\/uploads\/2025\/01\/Handy-Mockup-146x300.png 146w, https:\/\/www.mycoach.world\/wp-content\/uploads\/2025\/01\/Handy-Mockup.png 876w\" sizes=\"auto, (max-width: 498px) 100vw, 498px\" \/><\/figure>\n<\/div>\n\n\n\n<div class=\"wp-block-column is-layout-flow wp-block-column-is-layout-flow\" style=\"flex-basis:50%\">\n<figure class=\"wp-block-image alignleft size-large\"><img loading=\"lazy\" decoding=\"async\" width=\"773\" height=\"1024\" src=\"https:\/\/www.mycoach.world\/wp-content\/uploads\/2025\/01\/Tablet-Mockup-773x1024.png\" alt=\"\" class=\"wp-image-55\" srcset=\"https:\/\/www.mycoach.world\/wp-content\/uploads\/2025\/01\/Tablet-Mockup-773x1024.png 773w, https:\/\/www.mycoach.world\/wp-content\/uploads\/2025\/01\/Tablet-Mockup-226x300.png 226w, https:\/\/www.mycoach.world\/wp-content\/uploads\/2025\/01\/Tablet-Mockup.png 1153w\" sizes=\"auto, (max-width: 773px) 100vw, 773px\" \/><\/figure>\n\n\n\n<div class=\"wp-block-columns is-layout-flex wp-container-core-columns-is-layout-28f84493 wp-block-columns-is-layout-flex\">\n<div class=\"wp-block-column is-layout-flow wp-block-column-is-layout-flow\"><\/div>\n<\/div>\n<\/div>\n<\/div>\n\n\n\n<div style=\"height:63px\" aria-hidden=\"true\" class=\"wp-block-spacer\"><\/div>\n\n\n\n<div class=\"wp-block-group is-layout-flow wp-block-group-is-layout-flow\">\n<h2 class=\"wp-block-heading has-text-align-center has-large-font-size\">Unser Team<\/h2>\n\n\n\n<div style=\"height:32px\" aria-hidden=\"true\" class=\"wp-block-spacer\"><\/div>\n\n\n\n<div style=\"height:0px\" aria-hidden=\"true\" class=\"wp-block-spacer\"><\/div>\n\n\n\n<div class=\"wp-block-columns is-layout-flex wp-container-core-columns-is-layout-28f84493 wp-block-columns-is-layout-flex\">\n<div class=\"wp-block-column is-style-default is-layout-flow wp-block-column-is-layout-flow\" style=\"border-style:none;border-width:0px;padding-top:0;padding-right:0;padding-bottom:0;padding-left:0\">\n<figure class=\"wp-block-image size-full\"><img loading=\"lazy\" decoding=\"async\" width=\"2048\" height=\"2048\" src=\"https:\/\/www.mycoach.world\/wp-content\/uploads\/2025\/01\/Lukas-Quadrat-2.jpg\" alt=\"\" class=\"wp-image-82\" srcset=\"https:\/\/www.mycoach.world\/wp-content\/uploads\/2025\/01\/Lukas-Quadrat-2.jpg 2048w, https:\/\/www.mycoach.world\/wp-content\/uploads\/2025\/01\/Lukas-Quadrat-2-300x300.jpg 300w, https:\/\/www.mycoach.world\/wp-content\/uploads\/2025\/01\/Lukas-Quadrat-2-1024x1024.jpg 1024w, https:\/\/www.mycoach.world\/wp-content\/uploads\/2025\/01\/Lukas-Quadrat-2-150x150.jpg 150w, https:\/\/www.mycoach.world\/wp-content\/uploads\/2025\/01\/Lukas-Quadrat-2-2000x2000.jpg 2000w\" sizes=\"auto, (max-width: 2048px) 100vw, 2048px\" \/><\/figure>\n\n\n\n<h2 class=\"wp-block-heading has-medium-font-size\">Lukas Holzmann<\/h2>\n\n\n\n<p><\/p>\n\n\n\n<p><\/p>\n\n\n\n<ul class=\"wp-block-social-links has-icon-color is-style-logos-only is-layout-flex wp-block-social-links-is-layout-flex\"><li style=\"color:#6C6C77;\" class=\"wp-social-link wp-social-link-linkedin has-lightgrey-color wp-block-social-link\"><a href=\"https:\/\/www.linkedin.com\/in\/lukas-holzmann-bb0898258\/\" class=\"wp-block-social-link-anchor\"><svg width=\"24\" height=\"24\" viewBox=\"0 0 24 24\" version=\"1.1\" xmlns=\"http:\/\/www.w3.org\/2000\/svg\" aria-hidden=\"true\" focusable=\"false\"><path d=\"M19.7,3H4.3C3.582,3,3,3.582,3,4.3v15.4C3,20.418,3.582,21,4.3,21h15.4c0.718,0,1.3-0.582,1.3-1.3V4.3 C21,3.582,20.418,3,19.7,3z M8.339,18.338H5.667v-8.59h2.672V18.338z M7.004,8.574c-0.857,0-1.549-0.694-1.549-1.548 c0-0.855,0.691-1.548,1.549-1.548c0.854,0,1.547,0.694,1.547,1.548C8.551,7.881,7.858,8.574,7.004,8.574z M18.339,18.338h-2.669 v-4.177c0-0.996-0.017-2.278-1.387-2.278c-1.389,0-1.601,1.086-1.601,2.206v4.249h-2.667v-8.59h2.559v1.174h0.037 c0.356-0.675,1.227-1.387,2.526-1.387c2.703,0,3.203,1.779,3.203,4.092V18.338z\"><\/path><\/svg><span class=\"wp-block-social-link-label screen-reader-text\">LinkedIn<\/span><\/a><\/li><\/ul>\n<\/div>\n\n\n\n<div class=\"wp-block-column is-style-default is-layout-flow wp-block-column-is-layout-flow\" style=\"border-style:none;border-width:0px;padding-top:0;padding-right:0;padding-bottom:0;padding-left:0\">\n<figure class=\"wp-block-image size-full\"><img loading=\"lazy\" decoding=\"async\" width=\"2048\" height=\"2048\" src=\"https:\/\/www.mycoach.world\/wp-content\/uploads\/2025\/01\/Leon-quadrat.jpg\" alt=\"\" class=\"wp-image-92\" srcset=\"https:\/\/www.mycoach.world\/wp-content\/uploads\/2025\/01\/Leon-quadrat.jpg 2048w, https:\/\/www.mycoach.world\/wp-content\/uploads\/2025\/01\/Leon-quadrat-300x300.jpg 300w, https:\/\/www.mycoach.world\/wp-content\/uploads\/2025\/01\/Leon-quadrat-1024x1024.jpg 1024w, https:\/\/www.mycoach.world\/wp-content\/uploads\/2025\/01\/Leon-quadrat-150x150.jpg 150w, https:\/\/www.mycoach.world\/wp-content\/uploads\/2025\/01\/Leon-quadrat-2000x2000.jpg 2000w\" sizes=\"auto, (max-width: 2048px) 100vw, 2048px\" \/><\/figure>\n\n\n\n<h2 class=\"wp-block-heading has-medium-font-size\">Leon Ged-Gaston<\/h2>\n\n\n\n<p><\/p>\n\n\n\n<p><\/p>\n\n\n\n<ul class=\"wp-block-social-links has-icon-color is-style-logos-only is-layout-flex wp-block-social-links-is-layout-flex\"><li style=\"color:#6C6C77;\" class=\"wp-social-link wp-social-link-linkedin has-lightgrey-color wp-block-social-link\"><a href=\"https:\/\/www.linkedin.com\/in\/leon-ged-gaston\/\" class=\"wp-block-social-link-anchor\"><svg width=\"24\" height=\"24\" viewBox=\"0 0 24 24\" version=\"1.1\" xmlns=\"http:\/\/www.w3.org\/2000\/svg\" aria-hidden=\"true\" focusable=\"false\"><path d=\"M19.7,3H4.3C3.582,3,3,3.582,3,4.3v15.4C3,20.418,3.582,21,4.3,21h15.4c0.718,0,1.3-0.582,1.3-1.3V4.3 C21,3.582,20.418,3,19.7,3z M8.339,18.338H5.667v-8.59h2.672V18.338z M7.004,8.574c-0.857,0-1.549-0.694-1.549-1.548 c0-0.855,0.691-1.548,1.549-1.548c0.854,0,1.547,0.694,1.547,1.548C8.551,7.881,7.858,8.574,7.004,8.574z M18.339,18.338h-2.669 v-4.177c0-0.996-0.017-2.278-1.387-2.278c-1.389,0-1.601,1.086-1.601,2.206v4.249h-2.667v-8.59h2.559v1.174h0.037 c0.356-0.675,1.227-1.387,2.526-1.387c2.703,0,3.203,1.779,3.203,4.092V18.338z\"><\/path><\/svg><span class=\"wp-block-social-link-label screen-reader-text\">LinkedIn<\/span><\/a><\/li><\/ul>\n<\/div>\n\n\n\n<div class=\"wp-block-column is-style-default is-layout-flow wp-block-column-is-layout-flow\" style=\"border-style:none;border-width:0px;padding-top:0;padding-right:0;padding-bottom:0;padding-left:0\">\n<figure class=\"wp-block-image size-full\"><img loading=\"lazy\" decoding=\"async\" width=\"2048\" height=\"2048\" src=\"https:\/\/www.mycoach.world\/wp-content\/uploads\/2025\/01\/Nick-Quadrat.jpg\" alt=\"\" class=\"wp-image-93\" srcset=\"https:\/\/www.mycoach.world\/wp-content\/uploads\/2025\/01\/Nick-Quadrat.jpg 2048w, https:\/\/www.mycoach.world\/wp-content\/uploads\/2025\/01\/Nick-Quadrat-300x300.jpg 300w, https:\/\/www.mycoach.world\/wp-content\/uploads\/2025\/01\/Nick-Quadrat-1024x1024.jpg 1024w, https:\/\/www.mycoach.world\/wp-content\/uploads\/2025\/01\/Nick-Quadrat-150x150.jpg 150w, https:\/\/www.mycoach.world\/wp-content\/uploads\/2025\/01\/Nick-Quadrat-2000x2000.jpg 2000w\" sizes=\"auto, (max-width: 2048px) 100vw, 2048px\" \/><\/figure>\n\n\n\n<h2 class=\"wp-block-heading has-medium-font-size\">Nick Friemer<\/h2>\n\n\n\n<p><\/p>\n\n\n\n<p><\/p>\n\n\n\n<ul class=\"wp-block-social-links has-icon-color is-style-logos-only is-layout-flex wp-block-social-links-is-layout-flex\"><li style=\"color:#6C6C77;\" class=\"wp-social-link wp-social-link-linkedin has-lightgrey-color wp-block-social-link\"><a href=\"https:\/\/www.linkedin.com\/in\/nick-friemer-61730531b\/\" class=\"wp-block-social-link-anchor\"><svg width=\"24\" height=\"24\" viewBox=\"0 0 24 24\" version=\"1.1\" xmlns=\"http:\/\/www.w3.org\/2000\/svg\" aria-hidden=\"true\" focusable=\"false\"><path d=\"M19.7,3H4.3C3.582,3,3,3.582,3,4.3v15.4C3,20.418,3.582,21,4.3,21h15.4c0.718,0,1.3-0.582,1.3-1.3V4.3 C21,3.582,20.418,3,19.7,3z M8.339,18.338H5.667v-8.59h2.672V18.338z M7.004,8.574c-0.857,0-1.549-0.694-1.549-1.548 c0-0.855,0.691-1.548,1.549-1.548c0.854,0,1.547,0.694,1.547,1.548C8.551,7.881,7.858,8.574,7.004,8.574z M18.339,18.338h-2.669 v-4.177c0-0.996-0.017-2.278-1.387-2.278c-1.389,0-1.601,1.086-1.601,2.206v4.249h-2.667v-8.59h2.559v1.174h0.037 c0.356-0.675,1.227-1.387,2.526-1.387c2.703,0,3.203,1.779,3.203,4.092V18.338z\"><\/path><\/svg><span class=\"wp-block-social-link-label screen-reader-text\">LinkedIn<\/span><\/a><\/li><\/ul>\n<\/div>\n\n\n\n<div class=\"wp-block-column is-layout-flow wp-block-column-is-layout-flow\">\n<figure class=\"wp-block-image size-large\"><img loading=\"lazy\" decoding=\"async\" width=\"1024\" height=\"1024\" src=\"https:\/\/www.mycoach.world\/wp-content\/uploads\/2025\/01\/Felix-quadrat-1-1024x1024.jpg\" alt=\"\" class=\"wp-image-94\" srcset=\"https:\/\/www.mycoach.world\/wp-content\/uploads\/2025\/01\/Felix-quadrat-1-1024x1024.jpg 1024w, https:\/\/www.mycoach.world\/wp-content\/uploads\/2025\/01\/Felix-quadrat-1-300x300.jpg 300w, https:\/\/www.mycoach.world\/wp-content\/uploads\/2025\/01\/Felix-quadrat-1-150x150.jpg 150w, https:\/\/www.mycoach.world\/wp-content\/uploads\/2025\/01\/Felix-quadrat-1-2000x2000.jpg 2000w, https:\/\/www.mycoach.world\/wp-content\/uploads\/2025\/01\/Felix-quadrat-1.jpg 2048w\" sizes=\"auto, (max-width: 1024px) 100vw, 1024px\" \/><\/figure>\n\n\n\n<h2 class=\"wp-block-heading has-medium-font-size\" style=\"border-radius:100px\">Felix Oberland<\/h2>\n\n\n\n<p><\/p>\n\n\n\n<p><\/p>\n\n\n\n<ul class=\"wp-block-social-links has-icon-color is-style-logos-only is-layout-flex wp-block-social-links-is-layout-flex\"><li style=\"color:#6C6C77;\" class=\"wp-social-link wp-social-link-linkedin has-lightgrey-color wp-block-social-link\"><a href=\"https:\/\/www.linkedin.com\/in\/felix-oberland-b052321b1\/\" class=\"wp-block-social-link-anchor\"><svg width=\"24\" height=\"24\" viewBox=\"0 0 24 24\" version=\"1.1\" xmlns=\"http:\/\/www.w3.org\/2000\/svg\" aria-hidden=\"true\" focusable=\"false\"><path d=\"M19.7,3H4.3C3.582,3,3,3.582,3,4.3v15.4C3,20.418,3.582,21,4.3,21h15.4c0.718,0,1.3-0.582,1.3-1.3V4.3 C21,3.582,20.418,3,19.7,3z M8.339,18.338H5.667v-8.59h2.672V18.338z M7.004,8.574c-0.857,0-1.549-0.694-1.549-1.548 c0-0.855,0.691-1.548,1.549-1.548c0.854,0,1.547,0.694,1.547,1.548C8.551,7.881,7.858,8.574,7.004,8.574z M18.339,18.338h-2.669 v-4.177c0-0.996-0.017-2.278-1.387-2.278c-1.389,0-1.601,1.086-1.601,2.206v4.249h-2.667v-8.59h2.559v1.174h0.037 c0.356-0.675,1.227-1.387,2.526-1.387c2.703,0,3.203,1.779,3.203,4.092V18.338z\"><\/path><\/svg><span class=\"wp-block-social-link-label screen-reader-text\">LinkedIn<\/span><\/a><\/li><\/ul>\n<\/div>\n<\/div>\n<\/div>\n\n\n\n<h2 class=\"wp-block-heading has-text-align-center\">Social Media<\/h2>\n\n\n\n<ul class=\"wp-block-social-links aligncenter is-layout-flex wp-block-social-links-is-layout-flex\"><li class=\"wp-social-link wp-social-link-instagram  wp-block-social-link\"><a href=\"https:\/\/www.instagram.com\/mycoach.world?igsh=aGhkMjNzNWxpaGtw\" class=\"wp-block-social-link-anchor\"><svg width=\"24\" height=\"24\" viewBox=\"0 0 24 24\" version=\"1.1\" xmlns=\"http:\/\/www.w3.org\/2000\/svg\" aria-hidden=\"true\" focusable=\"false\"><path d=\"M12,4.622c2.403,0,2.688,0.009,3.637,0.052c0.877,0.04,1.354,0.187,1.671,0.31c0.42,0.163,0.72,0.358,1.035,0.673 c0.315,0.315,0.51,0.615,0.673,1.035c0.123,0.317,0.27,0.794,0.31,1.671c0.043,0.949,0.052,1.234,0.052,3.637 s-0.009,2.688-0.052,3.637c-0.04,0.877-0.187,1.354-0.31,1.671c-0.163,0.42-0.358,0.72-0.673,1.035 c-0.315,0.315-0.615,0.51-1.035,0.673c-0.317,0.123-0.794,0.27-1.671,0.31c-0.949,0.043-1.233,0.052-3.637,0.052 s-2.688-0.009-3.637-0.052c-0.877-0.04-1.354-0.187-1.671-0.31c-0.42-0.163-0.72-0.358-1.035-0.673 c-0.315-0.315-0.51-0.615-0.673-1.035c-0.123-0.317-0.27-0.794-0.31-1.671C4.631,14.688,4.622,14.403,4.622,12 s0.009-2.688,0.052-3.637c0.04-0.877,0.187-1.354,0.31-1.671c0.163-0.42,0.358-0.72,0.673-1.035 c0.315-0.315,0.615-0.51,1.035-0.673c0.317-0.123,0.794-0.27,1.671-0.31C9.312,4.631,9.597,4.622,12,4.622 M12,3 C9.556,3,9.249,3.01,8.289,3.054C7.331,3.098,6.677,3.25,6.105,3.472C5.513,3.702,5.011,4.01,4.511,4.511 c-0.5,0.5-0.808,1.002-1.038,1.594C3.25,6.677,3.098,7.331,3.054,8.289C3.01,9.249,3,9.556,3,12c0,2.444,0.01,2.751,0.054,3.711 c0.044,0.958,0.196,1.612,0.418,2.185c0.23,0.592,0.538,1.094,1.038,1.594c0.5,0.5,1.002,0.808,1.594,1.038 c0.572,0.222,1.227,0.375,2.185,0.418C9.249,20.99,9.556,21,12,21s2.751-0.01,3.711-0.054c0.958-0.044,1.612-0.196,2.185-0.418 c0.592-0.23,1.094-0.538,1.594-1.038c0.5-0.5,0.808-1.002,1.038-1.594c0.222-0.572,0.375-1.227,0.418-2.185 C20.99,14.751,21,14.444,21,12s-0.01-2.751-0.054-3.711c-0.044-0.958-0.196-1.612-0.418-2.185c-0.23-0.592-0.538-1.094-1.038-1.594 c-0.5-0.5-1.002-0.808-1.594-1.038c-0.572-0.222-1.227-0.375-2.185-0.418C14.751,3.01,14.444,3,12,3L12,3z M12,7.378 c-2.552,0-4.622,2.069-4.622,4.622S9.448,16.622,12,16.622s4.622-2.069,4.622-4.622S14.552,7.378,12,7.378z M12,15 c-1.657,0-3-1.343-3-3s1.343-3,3-3s3,1.343,3,3S13.657,15,12,15z M16.804,6.116c-0.596,0-1.08,0.484-1.08,1.08 s0.484,1.08,1.08,1.08c0.596,0,1.08-0.484,1.08-1.08S17.401,6.116,16.804,6.116z\"><\/path><\/svg><span class=\"wp-block-social-link-label screen-reader-text\">Instagram<\/span><\/a><\/li><\/ul>\n\n\n\n<div class=\"wp-block-group has-global-padding is-layout-constrained wp-block-group-is-layout-constrained\">\n<div style=\"height:82px\" aria-hidden=\"true\" class=\"wp-block-spacer\"><\/div>\n<\/div>\n","protected":false},"excerpt":{"rendered":"<p>myCoach bietet eine Plattform, die Hobby-Coaches mit Interessierten an neuen Hobbys und F\u00e4higkeiten verbindet. Im Mittelpunkt stehen Leidenschaft, die Freude ein Hobby zu teilen und damit Geld zu verdienen. Unser Ansatz ist bewusst niederschwellig: Coaches ben\u00f6tigen keine teuren Lizenzen oder formalen Nachweise. myCoach positioniert sich als flexible und zug\u00e4ngliche Alternative zu klassischen Coaching-Angeboten und Vereinen. &hellip; <\/p>\n<p class=\"link-more\"><a href=\"https:\/\/www.mycoach.world\/\" class=\"more-link\">Mehr <span class=\"screen-reader-text\">\u00fcber &#8222;Unsere Vision&#8220; <\/span>Lesen<\/a><\/p>\n","protected":false},"author":1,"featured_media":0,"parent":0,"menu_order":0,"comment_status":"closed","ping_status":"closed","template":"","meta":{"footnotes":""},"class_list":["post-38","page","type-page","status-publish","hentry"],"yoast_head":"<!-- This site is optimized with the Yoast SEO plugin v25.8 - https:\/\/yoast.com\/wordpress\/plugins\/seo\/ -->\n<title>Unsere Vision - myCoach<\/title>\n<meta name=\"robots\" content=\"index, follow, max-snippet:-1, max-image-preview:large, max-video-preview:-1\" \/>\n<link rel=\"canonical\" href=\"https:\/\/www.mycoach.world\/\" \/>\n<meta property=\"og:locale\" content=\"de_DE\" \/>\n<meta property=\"og:type\" content=\"article\" \/>\n<meta property=\"og:title\" content=\"Unsere Vision - myCoach\" \/>\n<meta property=\"og:description\" content=\"myCoach bietet eine Plattform, die Hobby-Coaches mit Interessierten an neuen Hobbys und F\u00e4higkeiten verbindet. Im Mittelpunkt stehen Leidenschaft, die Freude ein Hobby zu teilen und damit Geld zu verdienen. Unser Ansatz ist bewusst niederschwellig: Coaches ben\u00f6tigen keine teuren Lizenzen oder formalen Nachweise. myCoach positioniert sich als flexible und zug\u00e4ngliche Alternative zu klassischen Coaching-Angeboten und Vereinen. &hellip; Mehr \u00fcber &quot;Unsere Vision&quot; Lesen\" \/>\n<meta property=\"og:url\" content=\"https:\/\/www.mycoach.world\/\" \/>\n<meta property=\"og:site_name\" content=\"myCoach\" \/>\n<meta property=\"article:modified_time\" content=\"2025-01-20T17:18:03+00:00\" \/>\n<meta property=\"og:image\" content=\"https:\/\/www.mycoach.world\/wp-content\/uploads\/2025\/01\/Handy-Mockup.png\" \/>\n\t<meta property=\"og:image:width\" content=\"876\" \/>\n\t<meta property=\"og:image:height\" content=\"1803\" \/>\n\t<meta property=\"og:image:type\" content=\"image\/png\" \/>\n<meta name=\"twitter:card\" content=\"summary_large_image\" \/>\n<meta name=\"twitter:label1\" content=\"Gesch\u00e4tzte Lesezeit\" \/>\n\t<meta name=\"twitter:data1\" content=\"2\u00a0Minuten\" \/>\n<script type=\"application\/ld+json\" class=\"yoast-schema-graph\">{\"@context\":\"https:\/\/schema.org\",\"@graph\":[{\"@type\":\"WebPage\",\"@id\":\"https:\/\/www.mycoach.world\/\",\"url\":\"https:\/\/www.mycoach.world\/\",\"name\":\"Unsere Vision - myCoach\",\"isPartOf\":{\"@id\":\"https:\/\/www.mycoach.world\/#website\"},\"primaryImageOfPage\":{\"@id\":\"https:\/\/www.mycoach.world\/#primaryimage\"},\"image\":{\"@id\":\"https:\/\/www.mycoach.world\/#primaryimage\"},\"thumbnailUrl\":\"https:\/\/www.mycoach.world\/wp-content\/uploads\/2025\/01\/Handy-Mockup-498x1024.png\",\"datePublished\":\"2025-01-17T19:15:29+00:00\",\"dateModified\":\"2025-01-20T17:18:03+00:00\",\"breadcrumb\":{\"@id\":\"https:\/\/www.mycoach.world\/#breadcrumb\"},\"inLanguage\":\"de\",\"potentialAction\":[{\"@type\":\"ReadAction\",\"target\":[\"https:\/\/www.mycoach.world\/\"]}]},{\"@type\":\"ImageObject\",\"inLanguage\":\"de\",\"@id\":\"https:\/\/www.mycoach.world\/#primaryimage\",\"url\":\"https:\/\/www.mycoach.world\/wp-content\/uploads\/2025\/01\/Handy-Mockup.png\",\"contentUrl\":\"https:\/\/www.mycoach.world\/wp-content\/uploads\/2025\/01\/Handy-Mockup.png\",\"width\":876,\"height\":1803},{\"@type\":\"BreadcrumbList\",\"@id\":\"https:\/\/www.mycoach.world\/#breadcrumb\",\"itemListElement\":[{\"@type\":\"ListItem\",\"position\":1,\"name\":\"Startseite\",\"item\":\"https:\/\/www.mycoach.world\/\"},{\"@type\":\"ListItem\",\"position\":2,\"name\":\"Unsere Vision\"}]},{\"@type\":\"WebSite\",\"@id\":\"https:\/\/www.mycoach.world\/#website\",\"url\":\"https:\/\/www.mycoach.world\/\",\"name\":\"myCoach\",\"description\":\"\",\"potentialAction\":[{\"@type\":\"SearchAction\",\"target\":{\"@type\":\"EntryPoint\",\"urlTemplate\":\"https:\/\/www.mycoach.world\/?s={search_term_string}\"},\"query-input\":{\"@type\":\"PropertyValueSpecification\",\"valueRequired\":true,\"valueName\":\"search_term_string\"}}],\"inLanguage\":\"de\"}]}<\/script>\n<!-- \/ Yoast SEO plugin. -->","yoast_head_json":{"title":"Unsere Vision - myCoach","robots":{"index":"index","follow":"follow","max-snippet":"max-snippet:-1","max-image-preview":"max-image-preview:large","max-video-preview":"max-video-preview:-1"},"canonical":"https:\/\/www.mycoach.world\/","og_locale":"de_DE","og_type":"article","og_title":"Unsere Vision - myCoach","og_description":"myCoach bietet eine Plattform, die Hobby-Coaches mit Interessierten an neuen Hobbys und F\u00e4higkeiten verbindet. Im Mittelpunkt stehen Leidenschaft, die Freude ein Hobby zu teilen und damit Geld zu verdienen. Unser Ansatz ist bewusst niederschwellig: Coaches ben\u00f6tigen keine teuren Lizenzen oder formalen Nachweise. myCoach positioniert sich als flexible und zug\u00e4ngliche Alternative zu klassischen Coaching-Angeboten und Vereinen. &hellip; Mehr \u00fcber \"Unsere Vision\" Lesen","og_url":"https:\/\/www.mycoach.world\/","og_site_name":"myCoach","article_modified_time":"2025-01-20T17:18:03+00:00","og_image":[{"width":876,"height":1803,"url":"https:\/\/www.mycoach.world\/wp-content\/uploads\/2025\/01\/Handy-Mockup.png","type":"image\/png"}],"twitter_card":"summary_large_image","twitter_misc":{"Gesch\u00e4tzte Lesezeit":"2\u00a0Minuten"},"schema":{"@context":"https:\/\/schema.org","@graph":[{"@type":"WebPage","@id":"https:\/\/www.mycoach.world\/","url":"https:\/\/www.mycoach.world\/","name":"Unsere Vision - myCoach","isPartOf":{"@id":"https:\/\/www.mycoach.world\/#website"},"primaryImageOfPage":{"@id":"https:\/\/www.mycoach.world\/#primaryimage"},"image":{"@id":"https:\/\/www.mycoach.world\/#primaryimage"},"thumbnailUrl":"https:\/\/www.mycoach.world\/wp-content\/uploads\/2025\/01\/Handy-Mockup-498x1024.png","datePublished":"2025-01-17T19:15:29+00:00","dateModified":"2025-01-20T17:18:03+00:00","breadcrumb":{"@id":"https:\/\/www.mycoach.world\/#breadcrumb"},"inLanguage":"de","potentialAction":[{"@type":"ReadAction","target":["https:\/\/www.mycoach.world\/"]}]},{"@type":"ImageObject","inLanguage":"de","@id":"https:\/\/www.mycoach.world\/#primaryimage","url":"https:\/\/www.mycoach.world\/wp-content\/uploads\/2025\/01\/Handy-Mockup.png","contentUrl":"https:\/\/www.mycoach.world\/wp-content\/uploads\/2025\/01\/Handy-Mockup.png","width":876,"height":1803},{"@type":"BreadcrumbList","@id":"https:\/\/www.mycoach.world\/#breadcrumb","itemListElement":[{"@type":"ListItem","position":1,"name":"Startseite","item":"https:\/\/www.mycoach.world\/"},{"@type":"ListItem","position":2,"name":"Unsere Vision"}]},{"@type":"WebSite","@id":"https:\/\/www.mycoach.world\/#website","url":"https:\/\/www.mycoach.world\/","name":"myCoach","description":"","potentialAction":[{"@type":"SearchAction","target":{"@type":"EntryPoint","urlTemplate":"https:\/\/www.mycoach.world\/?s={search_term_string}"},"query-input":{"@type":"PropertyValueSpecification","valueRequired":true,"valueName":"search_term_string"}}],"inLanguage":"de"}]}},"_links":{"self":[{"href":"https:\/\/www.mycoach.world\/index.php\/wp-json\/wp\/v2\/pages\/38","targetHints":{"allow":["GET"]}}],"collection":[{"href":"https:\/\/www.mycoach.world\/index.php\/wp-json\/wp\/v2\/pages"}],"about":[{"href":"https:\/\/www.mycoach.world\/index.php\/wp-json\/wp\/v2\/types\/page"}],"author":[{"embeddable":true,"href":"https:\/\/www.mycoach.world\/index.php\/wp-json\/wp\/v2\/users\/1"}],"replies":[{"embeddable":true,"href":"https:\/\/www.mycoach.world\/index.php\/wp-json\/wp\/v2\/comments?post=38"}],"version-history":[{"count":29,"href":"https:\/\/www.mycoach.world\/index.php\/wp-json\/wp\/v2\/pages\/38\/revisions"}],"predecessor-version":[{"id":117,"href":"https:\/\/www.mycoach.world\/index.php\/wp-json\/wp\/v2\/pages\/38\/revisions\/117"}],"wp:attachment":[{"href":"https:\/\/www.mycoach.world\/index.php\/wp-json\/wp\/v2\/media?parent=38"}],"curies":[{"name":"wp","href":"https:\/\/api.w.org\/{rel}","templated":true}]}}